{"id":11539,"date":"2020-07-15T16:05:02","date_gmt":"2020-07-15T14:05:02","guid":{"rendered":"https:\/\/www.ratafiafirenze.it\/prodotto\/italian-linen-bedding-set\/"},"modified":"2026-02-15T12:13:35","modified_gmt":"2026-02-15T11:13:35","slug":"hand-paintes-italian-linen-bedding-set","status":"publish","type":"product","link":"https:\/\/www.ratafiafirenze.it\/en\/product\/hand-paintes-italian-linen-bedding-set\/","title":{"rendered":"Hand-painted Italian linen bedding set"},"content":{"rendered":"<p data-start=\"601\" data-end=\"770\">Bedding set made from natural linen produced in Italy, hand-painted with stripes, designed for those who want a simple, elegant, and cozy bedroom.<br \/>\nThe set consists of a fitted sheet, bedspread, and pair of pillowcases, all of which can also be purchased separately, offering maximum freedom of composition.<br \/>\nEach element can be customized in terms of paint color and size, making every creation unique.<br \/>\nEntirely sewn and painted by hand in our workshop in Florence, the suit is the result of traditional craftsmanship techniques.<br \/>\nThe slight differences between one garment and another reveal the authenticity of handmade items.<br \/>\nAvailable size<br \/>\nDouble set Bedspread: 260 \u00d7 240 cm, Fitted sheet: 200 \u00d7 180 cm, Pair of pillowcases: 50 \u00d7 80 cm<br \/>\nSingle set Bedspread: 260 \u00d7 170 cm, Fitted sheet: 200 \u00d7 90 cm, Pillowcase: 50 \u00d7 80 cm<\/p>\n<p>&nbsp;<\/p>\n<p>&nbsp;<\/p>\n","protected":false},"excerpt":{"rendered":"<ul>\n<li>Linen fabric produced in Italy pre washed<\/li>\n<li>Sewing in our laboratory in Florence<\/li>\n<li>Hand painted with washable permanent water based acrylic paints<\/li>\n<li>Customizable measurement on request<\/li>\n<li>Customizable painting on request<\/li>\n<li>Machine washable 40 \u00b0 ironable at cotton temperature<\/li>\n<\/ul>\n","protected":false},"featured_media":10814,"comment_status":"open","ping_status":"closed","template":"","meta":[],"product_brand":[],"product_cat":[253],"product_tag":[142],"class_list":{"0":"post-11539","1":"product","2":"type-product","3":"status-publish","4":"has-post-thumbnail","6":"product_cat-home","7":"product_tag-linen-2","9":"first","10":"instock","11":"taxable","12":"shipping-taxable","13":"purchasable","14":"product-type-variable"},"yoast_head":"<!-- This site is optimized with the Yoast SEO plugin v27.1.1 - https:\/\/yoast.com\/product\/yoast-seo-wordpress\/ -->\n<title>Hand-painted Italian linen bedding set - Ratafi\u00e0 Firenze<\/title>\n<meta name=\"description\" content=\"Hand-painted Italian linen bedding set, elegant, soft, and breathable. Naturally regulates body heat. Handcrafted in Florence.\" \/>\n<meta name=\"robots\" content=\"index, follow, max-snippet:-1, max-image-preview:large, max-video-preview:-1\" \/>\n<link rel=\"canonical\" href=\"https:\/\/www.ratafiafirenze.it\/en\/prodotto\/hand-paintes-italian-linen-bedding-set\/\" \/>\n<meta property=\"og:locale\" content=\"en_US\" \/>\n<meta property=\"og:type\" content=\"article\" \/>\n<meta property=\"og:title\" content=\"Hand-painted Italian linen bedding set - Ratafi\u00e0 Firenze\" \/>\n<meta property=\"og:description\" content=\"Hand-painted Italian linen bedding set, elegant, soft, and breathable. Naturally regulates body heat. Handcrafted in Florence.\" \/>\n<meta property=\"og:url\" content=\"https:\/\/www.ratafiafirenze.it\/en\/prodotto\/hand-paintes-italian-linen-bedding-set\/\" \/>\n<meta property=\"og:site_name\" content=\"Ratafi\u00e0 Firenze\" \/>\n<meta property=\"article:modified_time\" content=\"2026-02-15T11:13:35+00:00\" \/>\n<meta property=\"og:image\" content=\"https:\/\/www.ratafiafirenze.it\/wp-content\/uploads\/2020\/07\/Telo-dipinto-2.jpg\" \/>\n\t<meta property=\"og:image:width\" content=\"530\" \/>\n\t<meta property=\"og:image:height\" content=\"800\" \/>\n\t<meta property=\"og:image:type\" content=\"image\/jpeg\" \/>\n<meta name=\"twitter:card\" content=\"summary_large_image\" \/>\n<meta name=\"twitter:label1\" content=\"Est. reading time\" \/>\n\t<meta name=\"twitter:data1\" content=\"1 minute\" \/>\n<script type=\"application\/ld+json\" class=\"yoast-schema-graph\">{\"@context\":\"https:\/\/schema.org\",\"@graph\":[{\"@type\":\"WebPage\",\"@id\":\"https:\/\/www.ratafiafirenze.it\/en\/prodotto\/hand-paintes-italian-linen-bedding-set\/\",\"url\":\"https:\/\/www.ratafiafirenze.it\/en\/prodotto\/hand-paintes-italian-linen-bedding-set\/\",\"name\":\"Hand-painted Italian linen bedding set - Ratafi\u00e0 Firenze\",\"isPartOf\":{\"@id\":\"https:\/\/www.ratafiafirenze.it\/#website\"},\"primaryImageOfPage\":{\"@id\":\"https:\/\/www.ratafiafirenze.it\/en\/prodotto\/hand-paintes-italian-linen-bedding-set\/#primaryimage\"},\"image\":{\"@id\":\"https:\/\/www.ratafiafirenze.it\/en\/prodotto\/hand-paintes-italian-linen-bedding-set\/#primaryimage\"},\"thumbnailUrl\":\"https:\/\/www.ratafiafirenze.it\/wp-content\/uploads\/2020\/07\/Telo-dipinto-2.jpg\",\"datePublished\":\"2020-07-15T14:05:02+00:00\",\"dateModified\":\"2026-02-15T11:13:35+00:00\",\"description\":\"Hand-painted Italian linen bedding set, elegant, soft, and breathable. Naturally regulates body heat. Handcrafted in Florence.\",\"breadcrumb\":{\"@id\":\"https:\/\/www.ratafiafirenze.it\/en\/prodotto\/hand-paintes-italian-linen-bedding-set\/#breadcrumb\"},\"inLanguage\":\"en-US\",\"potentialAction\":[{\"@type\":\"ReadAction\",\"target\":[\"https:\/\/www.ratafiafirenze.it\/en\/prodotto\/hand-paintes-italian-linen-bedding-set\/\"]}]},{\"@type\":\"ImageObject\",\"inLanguage\":\"en-US\",\"@id\":\"https:\/\/www.ratafiafirenze.it\/en\/prodotto\/hand-paintes-italian-linen-bedding-set\/#primaryimage\",\"url\":\"https:\/\/www.ratafiafirenze.it\/wp-content\/uploads\/2020\/07\/Telo-dipinto-2.jpg\",\"contentUrl\":\"https:\/\/www.ratafiafirenze.it\/wp-content\/uploads\/2020\/07\/Telo-dipinto-2.jpg\",\"width\":530,\"height\":800,\"caption\":\"complete bedspread\"},{\"@type\":\"BreadcrumbList\",\"@id\":\"https:\/\/www.ratafiafirenze.it\/en\/prodotto\/hand-paintes-italian-linen-bedding-set\/#breadcrumb\",\"itemListElement\":[{\"@type\":\"ListItem\",\"position\":1,\"name\":\"Home\",\"item\":\"https:\/\/www.ratafiafirenze.it\/en\/\"},{\"@type\":\"ListItem\",\"position\":2,\"name\":\"Shop\",\"item\":\"https:\/\/www.ratafiafirenze.it\/en\/shop\/\"},{\"@type\":\"ListItem\",\"position\":3,\"name\":\"Hand-painted Italian linen bedding set\"}]},{\"@type\":\"WebSite\",\"@id\":\"https:\/\/www.ratafiafirenze.it\/#website\",\"url\":\"https:\/\/www.ratafiafirenze.it\/\",\"name\":\"Ratafi\u00e0 Firenze - laboratorio di oggetti fatti a mano\",\"description\":\"Accessori moda dipinti a mano\",\"publisher\":{\"@id\":\"https:\/\/www.ratafiafirenze.it\/#organization\"},\"potentialAction\":[{\"@type\":\"SearchAction\",\"target\":{\"@type\":\"EntryPoint\",\"urlTemplate\":\"https:\/\/www.ratafiafirenze.it\/?s={search_term_string}\"},\"query-input\":{\"@type\":\"PropertyValueSpecification\",\"valueRequired\":true,\"valueName\":\"search_term_string\"}}],\"inLanguage\":\"en-US\"},{\"@type\":\"Organization\",\"@id\":\"https:\/\/www.ratafiafirenze.it\/#organization\",\"name\":\"Ratafi\u00e0 Firenze\",\"url\":\"https:\/\/www.ratafiafirenze.it\/\",\"logo\":{\"@type\":\"ImageObject\",\"inLanguage\":\"en-US\",\"@id\":\"https:\/\/www.ratafiafirenze.it\/#\/schema\/logo\/image\/\",\"url\":\"https:\/\/www.ratafiafirenze.it\/wp-content\/uploads\/2018\/08\/LOGO_RATAFIA-piccolo-e1534935402736.jpg\",\"contentUrl\":\"https:\/\/www.ratafiafirenze.it\/wp-content\/uploads\/2018\/08\/LOGO_RATAFIA-piccolo-e1534935402736.jpg\",\"width\":200,\"height\":48,\"caption\":\"Ratafi\u00e0 Firenze\"},\"image\":{\"@id\":\"https:\/\/www.ratafiafirenze.it\/#\/schema\/logo\/image\/\"}}]}<\/script>\n<!-- \/ Yoast SEO plugin. -->","yoast_head_json":{"title":"Hand-painted Italian linen bedding set - Ratafi\u00e0 Firenze","description":"Hand-painted Italian linen bedding set, elegant, soft, and breathable. Naturally regulates body heat. Handcrafted in Florence.","robots":{"index":"index","follow":"follow","max-snippet":"max-snippet:-1","max-image-preview":"max-image-preview:large","max-video-preview":"max-video-preview:-1"},"canonical":"https:\/\/www.ratafiafirenze.it\/en\/prodotto\/hand-paintes-italian-linen-bedding-set\/","og_locale":"en_US","og_type":"article","og_title":"Hand-painted Italian linen bedding set - Ratafi\u00e0 Firenze","og_description":"Hand-painted Italian linen bedding set, elegant, soft, and breathable. Naturally regulates body heat. Handcrafted in Florence.","og_url":"https:\/\/www.ratafiafirenze.it\/en\/prodotto\/hand-paintes-italian-linen-bedding-set\/","og_site_name":"Ratafi\u00e0 Firenze","article_modified_time":"2026-02-15T11:13:35+00:00","og_image":[{"width":530,"height":800,"url":"https:\/\/www.ratafiafirenze.it\/wp-content\/uploads\/2020\/07\/Telo-dipinto-2.jpg","type":"image\/jpeg"}],"twitter_card":"summary_large_image","twitter_misc":{"Est. reading time":"1 minute"},"schema":{"@context":"https:\/\/schema.org","@graph":[{"@type":"WebPage","@id":"https:\/\/www.ratafiafirenze.it\/en\/prodotto\/hand-paintes-italian-linen-bedding-set\/","url":"https:\/\/www.ratafiafirenze.it\/en\/prodotto\/hand-paintes-italian-linen-bedding-set\/","name":"Hand-painted Italian linen bedding set - Ratafi\u00e0 Firenze","isPartOf":{"@id":"https:\/\/www.ratafiafirenze.it\/#website"},"primaryImageOfPage":{"@id":"https:\/\/www.ratafiafirenze.it\/en\/prodotto\/hand-paintes-italian-linen-bedding-set\/#primaryimage"},"image":{"@id":"https:\/\/www.ratafiafirenze.it\/en\/prodotto\/hand-paintes-italian-linen-bedding-set\/#primaryimage"},"thumbnailUrl":"https:\/\/www.ratafiafirenze.it\/wp-content\/uploads\/2020\/07\/Telo-dipinto-2.jpg","datePublished":"2020-07-15T14:05:02+00:00","dateModified":"2026-02-15T11:13:35+00:00","description":"Hand-painted Italian linen bedding set, elegant, soft, and breathable. Naturally regulates body heat. Handcrafted in Florence.","breadcrumb":{"@id":"https:\/\/www.ratafiafirenze.it\/en\/prodotto\/hand-paintes-italian-linen-bedding-set\/#breadcrumb"},"inLanguage":"en-US","potentialAction":[{"@type":"ReadAction","target":["https:\/\/www.ratafiafirenze.it\/en\/prodotto\/hand-paintes-italian-linen-bedding-set\/"]}]},{"@type":"ImageObject","inLanguage":"en-US","@id":"https:\/\/www.ratafiafirenze.it\/en\/prodotto\/hand-paintes-italian-linen-bedding-set\/#primaryimage","url":"https:\/\/www.ratafiafirenze.it\/wp-content\/uploads\/2020\/07\/Telo-dipinto-2.jpg","contentUrl":"https:\/\/www.ratafiafirenze.it\/wp-content\/uploads\/2020\/07\/Telo-dipinto-2.jpg","width":530,"height":800,"caption":"complete bedspread"},{"@type":"BreadcrumbList","@id":"https:\/\/www.ratafiafirenze.it\/en\/prodotto\/hand-paintes-italian-linen-bedding-set\/#breadcrumb","itemListElement":[{"@type":"ListItem","position":1,"name":"Home","item":"https:\/\/www.ratafiafirenze.it\/en\/"},{"@type":"ListItem","position":2,"name":"Shop","item":"https:\/\/www.ratafiafirenze.it\/en\/shop\/"},{"@type":"ListItem","position":3,"name":"Hand-painted Italian linen bedding set"}]},{"@type":"WebSite","@id":"https:\/\/www.ratafiafirenze.it\/#website","url":"https:\/\/www.ratafiafirenze.it\/","name":"Ratafi\u00e0 Firenze - laboratorio di oggetti fatti a mano","description":"Accessori moda dipinti a mano","publisher":{"@id":"https:\/\/www.ratafiafirenze.it\/#organization"},"potentialAction":[{"@type":"SearchAction","target":{"@type":"EntryPoint","urlTemplate":"https:\/\/www.ratafiafirenze.it\/?s={search_term_string}"},"query-input":{"@type":"PropertyValueSpecification","valueRequired":true,"valueName":"search_term_string"}}],"inLanguage":"en-US"},{"@type":"Organization","@id":"https:\/\/www.ratafiafirenze.it\/#organization","name":"Ratafi\u00e0 Firenze","url":"https:\/\/www.ratafiafirenze.it\/","logo":{"@type":"ImageObject","inLanguage":"en-US","@id":"https:\/\/www.ratafiafirenze.it\/#\/schema\/logo\/image\/","url":"https:\/\/www.ratafiafirenze.it\/wp-content\/uploads\/2018\/08\/LOGO_RATAFIA-piccolo-e1534935402736.jpg","contentUrl":"https:\/\/www.ratafiafirenze.it\/wp-content\/uploads\/2018\/08\/LOGO_RATAFIA-piccolo-e1534935402736.jpg","width":200,"height":48,"caption":"Ratafi\u00e0 Firenze"},"image":{"@id":"https:\/\/www.ratafiafirenze.it\/#\/schema\/logo\/image\/"}}]}},"_links":{"self":[{"href":"https:\/\/www.ratafiafirenze.it\/en\/wp-json\/wp\/v2\/product\/11539","targetHints":{"allow":["GET"]}}],"collection":[{"href":"https:\/\/www.ratafiafirenze.it\/en\/wp-json\/wp\/v2\/product"}],"about":[{"href":"https:\/\/www.ratafiafirenze.it\/en\/wp-json\/wp\/v2\/types\/product"}],"replies":[{"embeddable":true,"href":"https:\/\/www.ratafiafirenze.it\/en\/wp-json\/wp\/v2\/comments?post=11539"}],"wp:featuredmedia":[{"embeddable":true,"href":"https:\/\/www.ratafiafirenze.it\/en\/wp-json\/wp\/v2\/media\/10814"}],"wp:attachment":[{"href":"https:\/\/www.ratafiafirenze.it\/en\/wp-json\/wp\/v2\/media?parent=11539"}],"wp:term":[{"taxonomy":"product_brand","embeddable":true,"href":"https:\/\/www.ratafiafirenze.it\/en\/wp-json\/wp\/v2\/product_brand?post=11539"},{"taxonomy":"product_cat","embeddable":true,"href":"https:\/\/www.ratafiafirenze.it\/en\/wp-json\/wp\/v2\/product_cat?post=11539"},{"taxonomy":"product_tag","embeddable":true,"href":"https:\/\/www.ratafiafirenze.it\/en\/wp-json\/wp\/v2\/product_tag?post=11539"}],"curies":[{"name":"wp","href":"https:\/\/api.w.org\/{rel}","templated":true}]}}